{"id":6,"date":"2012-09-08T15:27:19","date_gmt":"2012-09-08T13:27:19","guid":{"rendered":"http:\/\/www.diemel-net.de\/AtlanticCrossing\/?page_id=6"},"modified":"2023-05-14T08:44:06","modified_gmt":"2023-05-14T06:44:06","slug":"impressum-disclaimer","status":"publish","type":"page","link":"https:\/\/www.diemel-net.de\/Knuts-Segel-Touren\/impressum-disclaimer\/","title":{"rendered":"Impressum \/ Disclaimer"},"content":{"rendered":"<p><strong>Verantwortlich f\u00fcr den Inhalt dieses Blogs ist:<\/strong><\/p>\n<p>Dr. Knut Menzel, Diemelstra\u00dfe 5, 33378 Rheda-Wiedenbr\u00fcck.<br \/>\nEmail: LiveKnut@gmx.de<br \/>\nTel.: 0152 \/ 5151 7270<\/p>\n<p><b>Design &amp; Gestaltung<\/b><\/p>\n<p>Dr. Knut Menzel<\/p>\n<p><b>Lizenzen und Freigaben<\/b><\/p>\n<p>Alle Bilder und Grafiken wurden entweder selbst produziert oder von der Online-Bilderdatenbank fotolia lizensiert.<\/p>\n<p><b>Disclaimer \u2013 rechtliche Hinweise<\/b><\/p>\n<p><strong>1. Inhalt des Onlineangebotes<\/strong> Der Autor \u00fcbernimmt keinerlei Gew\u00e4hr f\u00fcr die Aktualit\u00e4t, Korrektheit, Vollst\u00e4ndigkeit oder Qualit\u00e4t der bereitgestellten Informationen. Haftungsanspr\u00fcche gegen den Autor, welche sich auf Sch\u00e4den materieller oder ideeller Art beziehen, die durch die Nutzung oder Nichtnutzung der dargebotenen Informationen bzw. durch die Nutzung fehlerhafter und unvollst\u00e4ndiger Informationen verursacht wurden, sind grunds\u00e4tzlich ausgeschlossen. Allein durch den Aufruf der kostenlosen und frei zug\u00e4nglichen Inhalte kommt keinerlei Vertragsverh\u00e4ltnis zwischen dem Nutzer und dem Anbieter zustande, insoweit fehlt es am Rechtsbindungswillen des Anbieters. Alle Angebote sind freibleibend und unverbindlich. Der Autor beh\u00e4lt es sich ausdr\u00fccklich vor, Teile der Seiten oder das gesamte Angebot ohne gesonderte Ank\u00fcndigung zu ver\u00e4ndern, zu erg\u00e4nzen, zu l\u00f6schen oder die Ver\u00f6ffentlichung zeitweise oder endg\u00fcltig einzustellen.<\/p>\n<p><strong>2. Verweise und Links<\/strong> Diese Website enth\u00e4lt Verkn\u00fcpfungen zu Websites Dritter (&#8222;externe Links&#8220;). Diese Websites unterliegen der Haftung der jeweiligen Betreiber. Der Anbieter hat bei der erstmaligen Verkn\u00fcpfung der externen Links die fremden Inhalte daraufhin \u00fcberpr\u00fcft, ob etwaige Rechtsverst\u00f6\u00dfe bestehen. Zu dem Zeitpunkt waren keine Rechtsverst\u00f6\u00dfe ersichtlich. Der Anbieter hat keinerlei Einfluss auf die aktuelle und zuk\u00fcnftige Gestaltung und auf die Inhalte der verkn\u00fcpften Seiten. Das Setzen von externen Links bedeutet nicht, dass sich der Anbieter die hinter dem Verweis oder Link liegenden Inhalte zu Eigen macht. Eine st\u00e4ndige Kontrolle der externen Links ist f\u00fcr den Anbieter ohne konkrete Hinweise auf Rechtsverst\u00f6\u00dfe nicht zumutbar. Bei Kenntnis von Rechtsverst\u00f6\u00dfen werden jedoch derartige externe Links unverz\u00fcglich gel\u00f6scht.<\/p>\n<p><strong>3. Urheber- und Leistungsschutzrechte<\/strong> Die auf dieser Website ver\u00f6ffentlichten Inhalte unterliegen dem deutschen Urheber- und Leistungsschutzrecht. Jede vom deutschen Urheber- und Leistungsschutzrecht nicht zugelassene Verwertung bedarf der vorherigen schriftlichen Zustimmung des Anbieters oder jeweiligen Rechteinhabers. Dies gilt insbesondere f\u00fcr Vervielf\u00e4ltigung, Bearbeitung, \u00dcbersetzung, Einspeicherung, Verarbeitung bzw. Wiedergabe von Inhalten in Datenbanken oder anderen elektronischen Medien und Systemen. Inhalte und Rechte Dritter sind dabei als solche gekennzeichnet. Die unerlaubte Vervielf\u00e4ltigung oder Weitergabe einzelner Inhalte oder kompletter Seiten ist nicht gestattet und strafbar. Lediglich die Herstellung von Kopien und Downloads f\u00fcr den pers\u00f6nlichen, privaten und nicht kommerziellen Gebrauch ist erlaubt.<\/p>\n<p><strong>4. Nutzung von Diensten und Services <\/strong>Der Vertragspartner erkl\u00e4rt sich ausdr\u00fccklich damit einverstanden, dass die Benutzung der Dienste und Services ausschlie\u00dflich auf seine eigene Gefahr hin erfolgt.<\/p>\n<p>Im Rahmen der Dienstleistung wird der Kunde mit Daten Dritter beliefert. Diese von Dritten bezogenen Daten werden \u00fcber elektronische Kommunikationskan\u00e4le weitergeleitet, welche nicht im eigenen Einflu\u00dfbereich liegen. Es wird keine Garantie daf\u00fcr \u00fcbernommen, dass die von dritter Seite gelieferten Daten fristgerecht, vollst\u00e4ndig oder korrekt zur Verf\u00fcgung gestellt werden. Es wird keine Garantie daf\u00fcr \u00fcbernommen, dass die verwendeten Kommunikationskan\u00e4le jederzeit betriebsbereit sind und die Daten \u00fcber diese Kan\u00e4le fristgerecht, vollst\u00e4ndig und richtig weitergeleitet werden. Es k\u00f6nnen daher bei Belieferung \u00fcber Satellit oder Mobilfunktechnologie Verz\u00f6gerungen oder \u00dcbertragungsfehler eintreten.<\/p>\n<p>Dem Kunden ist daher bekannt, dass dieser ein Risiko eingeht, insbesondere wenn Entscheidungen ausschlie\u00dflich oder im wesentlichen auf Basis der \u00fcbermittelten Daten getroffen werden. F\u00fcr eventuelle Sch\u00e4den, einschlie\u00dflich Sch\u00e4den aus ergangenem Gewinn, die durch die Nutzung der erhaltenen Informationen oder deren Interpretation, Weiterverarbeitung oder Speicherung entstehen, wird keine Haftung \u00fcbernommen. Ebenfalls wird keine Haftung \u00fcbernommen f\u00fcr Sch\u00e4den und Folgesch\u00e4den, die auf Entscheidungen oder Handlungen des Kunden zur\u00fcckzuf\u00fchren sind, die auf einer Interpretation der von mir gelieferten Informationen beruhen.<\/p>\n<p><strong>5. Abmahnungen <\/strong>Keine Abmahnungen ohne vorherigen Kontakt! Sollte der Inhalt oder die Aufmachung dieser Seiten fremde Rechte Dritter oder gesetzliche Bestimmungen verletzen, so ist eine entsprechende Information und Nachricht an den inhaltlich Verantwortlichen zu t\u00e4tigen ohne Kostennote. Zu Recht beanstandete Passagen werden schnellstm\u00f6glich entfernt, ohne dass von Ihrer Seite die Einschaltung eines Rechtsbeistandes erforderlich ist. Werden dennoch ohne vorherige Kontaktaufnahme Kosten ausgel\u00f6st, so werden diese voll umf\u00e4nglich zur\u00fcckgewiesen und gegebenenfalls Gegenklage wegen Verletzung vorgenannter Bestimmungen eingereicht.<\/p>\n<p><strong>6. Besondere Nutzungsbedingungen <\/strong>Soweit besondere Bedingungen f\u00fcr einzelne Nutzungen dieser Website von den vorgenannten Paragraphen abweichen, wird an entsprechender Stelle ausdr\u00fccklich darauf hingewiesen. In diesem Falle gelten im jeweiligen Einzelfall die besonderen Nutzungsbedingungen.<\/p>\n<p><strong>7. Rechtswirksamkeit dieses Haftungsausschlusses <\/strong>Dieser Haftungsausschluss ist als Teil des Internetangebotes zu betrachten, von dem aus auf diese Seite verwiesen wurde. Sofern Teile oder einzelne Formulierungen dieses Textes der geltenden Rechtslage nicht, nicht mehr oder nicht vollst\u00e4ndig entsprechen sollten, bleiben die \u00fcbrigen Teile des Dokumentes in ihrem Inhalt und ihrer G\u00fcltigkeit davon unber\u00fchrt.<\/p>\n","protected":false},"excerpt":{"rendered":"<p>Verantwortlich f\u00fcr den Inhalt dieses Blogs ist: Dr. Knut Menzel, Diemelstra\u00dfe 5, 33378 Rheda-Wiedenbr\u00fcck. Email: LiveKnut@gmx.de Tel.: 0152 \/ 5151 7270 Design &amp; Gestaltung Dr. Knut Menzel Lizenzen und Freigaben Alle Bilder und Grafiken wurden entweder selbst produziert oder von &hellip; <a href=\"https:\/\/www.diemel-net.de\/Knuts-Segel-Touren\/impressum-disclaimer\/\">Weiterlesen <span class=\"meta-nav\">&rarr;<\/span><\/a><\/p>\n","protected":false},"author":1,"featured_media":0,"parent":0,"menu_order":10,"comment_status":"closed","ping_status":"closed","template":"","meta":{"footnotes":""},"class_list":["post-6","page","type-page","status-publish","hentry"],"_links":{"self":[{"href":"https:\/\/www.diemel-net.de\/Knuts-Segel-Touren\/wp-json\/wp\/v2\/pages\/6","targetHints":{"allow":["GET"]}}],"collection":[{"href":"https:\/\/www.diemel-net.de\/Knuts-Segel-Touren\/wp-json\/wp\/v2\/pages"}],"about":[{"href":"https:\/\/www.diemel-net.de\/Knuts-Segel-Touren\/wp-json\/wp\/v2\/types\/page"}],"author":[{"embeddable":true,"href":"https:\/\/www.diemel-net.de\/Knuts-Segel-Touren\/wp-json\/wp\/v2\/users\/1"}],"replies":[{"embeddable":true,"href":"https:\/\/www.diemel-net.de\/Knuts-Segel-Touren\/wp-json\/wp\/v2\/comments?post=6"}],"version-history":[{"count":9,"href":"https:\/\/www.diemel-net.de\/Knuts-Segel-Touren\/wp-json\/wp\/v2\/pages\/6\/revisions"}],"predecessor-version":[{"id":2844,"href":"https:\/\/www.diemel-net.de\/Knuts-Segel-Touren\/wp-json\/wp\/v2\/pages\/6\/revisions\/2844"}],"wp:attachment":[{"href":"https:\/\/www.diemel-net.de\/Knuts-Segel-Touren\/wp-json\/wp\/v2\/media?parent=6"}],"curies":[{"name":"wp","href":"https:\/\/api.w.org\/{rel}","templated":true}]}}